{"id":50,"date":"2016-07-04T18:35:27","date_gmt":"2016-07-04T18:35:27","guid":{"rendered":"http:\/\/plansowki.ksf.org.pl\/?page_id=50"},"modified":"2016-07-04T18:35:27","modified_gmt":"2016-07-04T18:35:27","slug":"organizatorzy","status":"publish","type":"page","link":"https:\/\/plansowki.ksf.org.pl\/?page_id=50","title":{"rendered":"Organizatorzy"},"content":{"rendered":"<p><strong>PLANS\u00d3WKI 2019<\/strong><\/p>\n<table>\n<tbody>\n<tr>\n<td><strong>Koordynacja<\/strong><\/td>\n<td>Monika Gaudyn<\/p>\n<tr>\n<td><strong>Logistyka i obs\u0142uga<br \/>\n<\/strong><\/td>\n<td>Piotr Grajpel<\/td>\n<\/tr>\n<tr>\n<td><strong>Media i sponsorzy<br \/>\n<\/strong><\/td>\n<td>Aga Boles\u0142awska, Micha\u0142 Szyma\u0144ski<\/td>\n<\/tr>\n<tr>\n<td><strong>Program<br \/>\n<\/strong><\/td>\n<td>Aga Boles\u0142awska, Piotr Grajpel<\/td>\n<\/tr>\n<tr>\n<td><strong>Grafika i ilustracje<br \/>\n<\/strong><\/td>\n<td><a href=\"https:\/\/www.facebook.com\/rogatykrolik\" target=\"_blank\" rel=\"noopener\"><span class=\"_5yl5\">Lilianna Dmytrek <\/span><\/a><\/td>\n<\/tr>\n<\/tbody>\n<\/table>\n<p>&nbsp;<\/p>\n<p>Organizatorzy poprzednich edycji<\/p>\n<hr \/>\n<td><strong>Dawid Cichy (koordynator g\u0142\u00f3wny)<\/strong>, Katarina Licha\u0144ska, Wojciech D\u0119biak, Hubert Spyrczy\u0144ski, Zofia Kamerdu\u0142a, Anna Sz<\/td>\n","protected":false},"excerpt":{"rendered":"<p>PLANS\u00d3WKI 2019 Koordynacja Monika Gaudyn Logistyka i obs\u0142uga Piotr Grajpel Media i sponsorzy Aga Boles\u0142awska, Micha\u0142 Szyma\u0144ski Program Aga Boles\u0142awska, Piotr Grajpel Grafika i ilustracje Lilianna Dmytrek &nbsp; Organizatorzy poprzednich edycji Dawid Cichy (koordynator g\u0142\u00f3wny), Katarina Licha\u0144ska, Wojciech D\u0119biak, Hubert Spyrczy\u0144ski, Zofia Kamerdu\u0142a, Anna Sz<\/p>\n","protected":false},"author":1,"featured_media":0,"parent":0,"menu_order":0,"comment_status":"closed","ping_status":"closed","template":"","meta":{"footnotes":""},"class_list":["post-50","page","type-page","status-publish","hentry","without-featured-image"],"_links":{"self":[{"href":"https:\/\/plansowki.ksf.org.pl\/index.php?rest_route=\/wp\/v2\/pages\/50","targetHints":{"allow":["GET"]}}],"collection":[{"href":"https:\/\/plansowki.ksf.org.pl\/index.php?rest_route=\/wp\/v2\/pages"}],"about":[{"href":"https:\/\/plansowki.ksf.org.pl\/index.php?rest_route=\/wp\/v2\/types\/page"}],"author":[{"embeddable":true,"href":"https:\/\/plansowki.ksf.org.pl\/index.php?rest_route=\/wp\/v2\/users\/1"}],"replies":[{"embeddable":true,"href":"https:\/\/plansowki.ksf.org.pl\/index.php?rest_route=%2Fwp%2Fv2%2Fcomments&post=50"}],"version-history":[{"count":0,"href":"https:\/\/plansowki.ksf.org.pl\/index.php?rest_route=\/wp\/v2\/pages\/50\/revisions"}],"wp:attachment":[{"href":"https:\/\/plansowki.ksf.org.pl\/index.php?rest_route=%2Fwp%2Fv2%2Fmedia&parent=50"}],"curies":[{"name":"wp","href":"https:\/\/api.w.org\/{rel}","templated":true}]}}