{"id":251,"date":"2018-09-18T21:46:45","date_gmt":"2018-09-18T21:46:45","guid":{"rendered":"http:\/\/plansowki.ksf.org.pl\/?page_id=251"},"modified":"2018-09-18T21:46:45","modified_gmt":"2018-09-18T21:46:45","slug":"program","status":"publish","type":"page","link":"https:\/\/plansowki.ksf.org.pl\/?page_id=251","title":{"rendered":"Program"},"content":{"rendered":"<p><a href=\"http:\/\/plansowki.ksf.org.pl\/wp-content\/uploads\/2018\/09\/program_plansowki2019-3.pdf\">Program imprezy w formacie PDF<\/a><\/p>\n<h2>turnieje gier<\/h2>\n<h4>SOBOTA<\/h4>\n<ul>\n<li>Keyforge (pokaz + turniej) &#8211; 12:00, od 14 lat<\/li>\n<li>Sen &#8211; 13:00, od 10 lat<\/li>\n<li>Strachu ciachu &#8211; 14:00, od 7 lat<\/li>\n<li>Lochy i kwoki &#8211; 17:00, od 8 lat<\/li>\n<\/ul>\n<h4>NIEDZIELA<\/h4>\n<ul>\n<li>Turniej Rodzinny Zamek Smok\u00f3w &#8211; 11:00, pary 8-14 i 15+ lat<\/li>\n<li>Kwiaciarenka &#8211; 12:00, od 10 lat<\/li>\n<\/ul>\n<h2>konkursy<\/h2>\n<h4>Sobota<\/h4>\n<p><strong>15:00 &#8211; Konkurs wiedzy o grach planszowych <\/strong><\/p>\n<h4>Niedziela<\/h4>\n<p><strong>15:00 &#8211; Plansz\u00f3wkowe kalambury <\/strong><\/p>\n<h2>gie\u0142da<\/h2>\n<p>Czy posiadasz w domu gry w kt\u00f3re nie grasz? Zajmuj\u0105 tobie miejsce, kurz\u0105 si\u0119, a kto\u015b bardzo chcia\u0142by je mie\u0107. Serdecznie zapraszamy na nasz\u0105 konwe1ntow\u0105 gie\u0142d\u0119, na kt\u00f3rej b\u0119dziesz mia\u0142 mo\u017cliwo\u015b\u0107 sprzeda\u0107 swoj\u0105 gr\u0119. Poni\u017cej znajduje si\u0119 formularz zg\u0142oszeniowy, nie czekaj wype\u0142nij go ju\u017c dzisiaj.<\/p>\n<p><a href=\"https:\/\/docs.google.com\/forms\/d\/1QXcVwGdhD8cVZVt2e74rLtpHBluhBm2LWtmk1oh_f0w\/edit?fbclid=IwAR0QB618ibIcAHr04rvzteMaKcP1ZtiaxC72Di9m7_NO5XFoko3KBnBewJ4\">Formularz Gie\u0142dy Gier Planszowych<\/a><\/p>\n<h2>warsztaty malowania figurek<\/h2>\n<p><strong> sobota, 10:30-12:00, Posiad\u0142o\u015b\u0107 (Siemacha spot)<\/strong><br \/>\nNudz\u0105 Ci\u0119 szare, jednolite figurki w Twojej domowej kolekcji plansz\u00f3wek? A troch\u0119 je ubarwi\u0107? Farbami na przyk\u0142ad? Piotr Czajka ze sklepu Vanaheim.pl poka\u017ce Wam, jak to zrobi\u0107 dobrze, estetycznie i tak, \u017ceby znajomi z zazdro\u015bci te\u017c zacz\u0119li malowa\u0107 swoje w\u0142asne figurki. Bo to wci\u0105ga!<br \/>\nDo udzia\u0142u w warsztacie wymagane jest minimum dobrych ch\u0119ci oraz przyniesienie w\u0142asnych figurek. Pozosta\u0142e materia\u0142y b\u0119d\u0105 dost\u0119pne na miejscu.<\/p>\n<h2>warsztaty origami<\/h2>\n<p><strong> sobota, 10:00-16:00, rodzinny games room<\/strong><br \/>\nJapo\u0144ska sztuka sk\u0142adania figurek z papieru na dobre zadomowi\u0142a si\u0119 w Europie. Je\u015bli Wy r\u00f3wnie\u017c chcieliby\u015bcie si\u0119 dowiedzie\u0107 jak kwadratow\u0105 kartk\u0119 zamieni\u0107 w \u0142ab\u0119dzia, motyla albo smoka, koniecznie musicie zajrze\u0107 do rodzinnego games roomu, gdzie nasz specjalny go\u015b\u0107 zademonstruje Wam arkana swojego rzemios\u0142a.<\/p>\n<h2>prezentacje gier<\/h2>\n<ul>\n<li><strong>Gry koktajlowe<br \/>\n<\/strong>sobota, 10:00-16:00, rodzinny games room (Siemacha spot)<\/li>\n<li><strong>Pla\u017cing<br \/>\n<\/strong>sobota, 10:00-18:00, strefa pokaz\u00f3w (2 pi\u0119tro)<\/li>\n<li><strong>Tradycyjne gry azjatyckie<br \/>\n<\/strong>sobota, 10:00-18:00, strefa pokaz\u00f3w (2 pi\u0119tro)<\/li>\n<li><strong>Opowiadam legendy<br \/>\n<\/strong>sobota, 11:00-13:00, rodzinny games room (Siemacha spot)<\/li>\n<li><strong>Posiad\u0142o\u015b\u0107 szale\u0144stwa<br \/>\n<\/strong>sobota, 12:00-15:00, Posiad\u0142o\u015b\u0107 (Siemacha spot)<\/li>\n<li><strong>Azul<br \/>\n<\/strong>sobota, 15:00-18:00, strefa pokaz\u00f3w (2 pi\u0119tro)<\/li>\n<li><strong>Brzd\u0119k<br \/>\n<\/strong>niedziela, 10:30-16:00, strefa pokaz\u00f3w (2 pi\u0119tro)<\/li>\n<li><strong>Kolorowe imperium i Jak to narysowa\u0107 (prototypy)<br \/>\n<\/strong>niedziela, 14:00-16:00, strefa pokaz\u00f3w (2 pi\u0119tro)<\/li>\n<li><strong>Odfrun\u0119\u0142o z wiatrem<br \/>\n<\/strong>niedziela, 14:00-16:00, g\u0142\u00f3wny games room (2 pi\u0119tro)<\/li>\n<\/ul>\n","protected":false},"excerpt":{"rendered":"<p>Program imprezy w formacie PDF turnieje gier SOBOTA Keyforge (pokaz + turniej) &#8211; 12:00, od 14 lat Sen &#8211; 13:00, od 10 lat Strachu ciachu &#8211; 14:00, od 7 lat Lochy i kwoki &#8211; 17:00, od 8 lat NIEDZIELA Turniej Rodzinny Zamek Smok\u00f3w &#8211; 11:00, pary 8-14 i 15+ lat Kwiaciarenka &#8211; 12:00, od 10 &hellip; <a href=\"https:\/\/plansowki.ksf.org.pl\/?page_id=251\" class=\"more-link\">Continue reading <span class=\"screen-reader-text\">Program<\/span><\/a><\/p>\n","protected":false},"author":1,"featured_media":0,"parent":0,"menu_order":0,"comment_status":"closed","ping_status":"closed","template":"","meta":{"footnotes":""},"class_list":["post-251","page","type-page","status-publish","hentry","without-featured-image"],"_links":{"self":[{"href":"https:\/\/plansowki.ksf.org.pl\/index.php?rest_route=\/wp\/v2\/pages\/251","targetHints":{"allow":["GET"]}}],"collection":[{"href":"https:\/\/plansowki.ksf.org.pl\/index.php?rest_route=\/wp\/v2\/pages"}],"about":[{"href":"https:\/\/plansowki.ksf.org.pl\/index.php?rest_route=\/wp\/v2\/types\/page"}],"author":[{"embeddable":true,"href":"https:\/\/plansowki.ksf.org.pl\/index.php?rest_route=\/wp\/v2\/users\/1"}],"replies":[{"embeddable":true,"href":"https:\/\/plansowki.ksf.org.pl\/index.php?rest_route=%2Fwp%2Fv2%2Fcomments&post=251"}],"version-history":[{"count":0,"href":"https:\/\/plansowki.ksf.org.pl\/index.php?rest_route=\/wp\/v2\/pages\/251\/revisions"}],"wp:attachment":[{"href":"https:\/\/plansowki.ksf.org.pl\/index.php?rest_route=%2Fwp%2Fv2%2Fmedia&parent=251"}],"curies":[{"name":"wp","href":"https:\/\/api.w.org\/{rel}","templated":true}]}}