{"id":20,"date":"2016-06-07T14:24:51","date_gmt":"2016-06-07T14:24:51","guid":{"rendered":"http:\/\/plansowki.ksf.org.pl\/?page_id=20"},"modified":"2016-06-07T14:24:51","modified_gmt":"2016-06-07T14:24:51","slug":"regulamin","status":"publish","type":"page","link":"https:\/\/plansowki.ksf.org.pl\/?page_id=20","title":{"rendered":"Regulamin"},"content":{"rendered":"<div class=\"entry-content\">\n<div class=\"entry-content\">\n<p>1. \u201ePlanS\u00f3wki &#8211; Krakowskie Dni z Grami Planszowymi\u201d odbywaj\u0105 si\u0119 w dniach 5 i 6 pa\u017adziernika 2019 roku w M\u0142odzie\u017cowym Domu Kultury, ul Grunwaldzka 5 oraz Siemacha Spocie, ul. Mogilska 58 w Krakowie.<\/p>\n<p>2. \u201ePlanS\u00f3wki &#8211; Krakowskie Dni z Grami Planszowymi&#8221; s\u0105 wydarzeniem niekomercyjnym.<\/p>\n<p>3. Wydarzenie ma charakter wydarzenia zamkni\u0119tego, w kt\u00f3rym udzia\u0142 mog\u0105 wzi\u0105\u0107 osoby, kt\u00f3re uzyska\u0142y zgod\u0119 Organizator\u00f3w na ustalonych przez nich warunkach.<\/p>\n<p>4. Ka\u017cda osoba, kt\u00f3ra przyb\u0119dzie na imprez\u0119, zobowi\u0105zana jest wylegitymowa\u0107 si\u0119 wa\u017cnym dokumentem to\u017csamo\u015bci ze zdj\u0119ciem. Osoby niepe\u0142noletnie powy\u017cej 13 roku \u017cycia zapraszamy z rodzicami lub opiekunami albo za przed\u0142o\u017ceniem <a href=\"http:\/\/plansowki.ksf.org.pl\/wp-content\/uploads\/2016\/06\/2019_zgoda_rodzica_plansowki.docx\">pisemnej zgody rodzica lub opiekuna na udzia\u0142 w wydarzeniu<\/a>. Dzieci poni\u017cej 13 roku \u017cycia zapraszamy wy\u0142\u0105cznie z rodzicami lub opiekunami.<\/p>\n<p>5. Na terenie wydarzenia wolno przebywa\u0107 w godzinach i pomieszczeniach wyznaczonych przez organizator\u00f3w.<\/p>\n<p>6. Na teren wydarzenia nie wolno wnosi\u0107 przedmiot\u00f3w mog\u0105cych stanowi\u0107 zagro\u017cenie zdrowia lub \u017cycia uczestnik\u00f3w, w tym broni bia\u0142ej, broni \u201ebezpiecznej\u201d, palnej i ASG. Wszystkie imitacje i podobne akcesoria wymagaj\u0105 zg\u0142oszenia Organizacji.<\/p>\n<p>7. Na terenie wydarzenia obowi\u0105zuje BEZWZGL\u0118DNY ZAKAZ posiadania i spo\u017cywania napoj\u00f3w alkoholowych, \u015brodk\u00f3w psychotropowych i odurzaj\u0105cych. W przypadku odnalezienia u uczestnika ww. \u015brodk\u00f3w nast\u0105pi NATYCHMIASTOWE USUNI\u0118CIE UCZESTNIKA Z TERENU WYDARZENIA bez zwrotu koszt\u00f3w akredytacji.<\/p>\n<p>8. Na terenie wydarzenia obowi\u0105zuje ca\u0142kowity zakaz palenia tytoniu. Osoby \u0142ami\u0105ce ten zakaz zostan\u0105 wyproszone z terenu wydarzenia.<\/p>\n<p>9. Organizator rezerwuje sobie prawo do u\u017cywania materia\u0142\u00f3w z wydarzenia (zdj\u0119cia, wideo i inne) zawieraj\u0105cych wizerunek osobowy uczestnik\u00f3w w celach promocyjnych Organizatora i jego wydarze\u0144, bez konsultacji z zainteresowanymi osobami, maj\u0105c na uwadze ich dobro i godno\u015b\u0107 osobist\u0105.<\/p>\n<p>10. Organizatorzy nie odpowiadaj\u0105 za szkody moralne i zdrowotne uczestnik\u00f3w imprezy; ubezpieczenie od nast\u0119pstw nieszcz\u0119\u015bliwych wypadk\u00f3w ka\u017cdy uczestnik powinien wykupi\u0107 samodzielnie przed rozpocz\u0119ciem wydarzenia.<\/p>\n<p>11. Organizatorzy nie odpowiadaj\u0105 za rzeczy zgubione lub pozostawione bez opieki.<\/p>\n<p>12. Organizatorzy nie ponosz\u0105 odpowiedzialno\u015bci za szkody materialne spowodowane przez uczestnik\u00f3w wydarzenia; ich sprawcy b\u0119d\u0105 poci\u0105gani do odpowiedzialno\u015bci.<\/p>\n<p>13. Ka\u017cdy uczestnik zobowi\u0105zany jest do kulturalnego zachowania, sprz\u0105tania po sobie i podporz\u0105dkowania si\u0119 decyzjom Organizator\u00f3w.<\/p>\n<p>14. W salach przeznaczonych dla Organizator\u00f3w mog\u0105 przebywa\u0107 wy\u0142\u0105cznie Organizatorzy.<\/p>\n<p>15. Nadz\u00f3r nad przestrzeganiem Regulaminu sprawuj\u0105 Organizatorzy i Obs\u0142uga wydarzenia.<\/p>\n<p>16. O sprawach nieuwzgl\u0119dnionych w Regulaminie decyduj\u0105 Organizatorzy.<\/p>\n<p>17. Organizatorzy zastrzegaj\u0105 sobie prawo do zmiany i uzupe\u0142niania programu wydarzenia.<\/p>\n<p>18. Osoby nieprzestrzegaj\u0105ce Regulaminu mog\u0105 zosta\u0107 usuni\u0119te z terenu wydarzenia.<\/p>\n<p>19.\u00a0Przebywanie na terenie wydarzenia w godzinach jego trwania uznaje si\u0119 za r\u00f3wnoznaczne ze znajomo\u015bci\u0105 Regulaminu, kt\u00f3ry b\u0119dzie publicznie dost\u0119pny w widocznych miejscach na terenie wydarzenia.<\/p>\n<p>20. Regulamin obowi\u0105zuje zar\u00f3wno uczestnik\u00f3w, jak i Tw\u00f3rc\u00f3w Programu, Obs\u0142ug\u0119 wydarzenia i samych Organizator\u00f3w.<\/p>\n<p>21. \u0141amanie prawa na terenie imprezy karane b\u0119dzie natychmiastowym usuni\u0119ciem z terenu wydarzenia i poinformowaniem Policji wraz z przekazaniem danych osobowych posiadanych przez Organizacj\u0119.<\/p>\n<p>22. Nieznajomo\u015b\u0107 Regulaminu nie zwalnia z jego przestrzegania i ponoszenia konsekwencji wynikaj\u0105cych z jego \u0142amania.<\/p>\n<p style=\"text-align: right;\">Regulamin z dnia 30.08.2018<\/p>\n<p><a href=\"http:\/\/plansowki.ksf.org.pl\/wp-content\/uploads\/2016\/06\/regulamin-turniejow.docx\">Regulamin turniej\u00f3w<\/a><\/p>\n<\/div>\n<\/div>\n","protected":false},"excerpt":{"rendered":"<p>1. \u201ePlanS\u00f3wki &#8211; Krakowskie Dni z Grami Planszowymi\u201d odbywaj\u0105 si\u0119 w dniach 5 i 6 pa\u017adziernika 2019 roku w M\u0142odzie\u017cowym Domu Kultury, ul Grunwaldzka 5 oraz Siemacha Spocie, ul. Mogilska 58 w Krakowie. 2. \u201ePlanS\u00f3wki &#8211; Krakowskie Dni z Grami Planszowymi&#8221; s\u0105 wydarzeniem niekomercyjnym. 3. Wydarzenie ma charakter wydarzenia zamkni\u0119tego, w kt\u00f3rym udzia\u0142 mog\u0105 wzi\u0105\u0107 &hellip; <a href=\"https:\/\/plansowki.ksf.org.pl\/?page_id=20\" class=\"more-link\">Continue reading <span class=\"screen-reader-text\">Regulamin<\/span><\/a><\/p>\n","protected":false},"author":1,"featured_media":0,"parent":0,"menu_order":0,"comment_status":"closed","ping_status":"closed","template":"","meta":{"footnotes":""},"class_list":["post-20","page","type-page","status-publish","hentry","without-featured-image"],"_links":{"self":[{"href":"https:\/\/plansowki.ksf.org.pl\/index.php?rest_route=\/wp\/v2\/pages\/20","targetHints":{"allow":["GET"]}}],"collection":[{"href":"https:\/\/plansowki.ksf.org.pl\/index.php?rest_route=\/wp\/v2\/pages"}],"about":[{"href":"https:\/\/plansowki.ksf.org.pl\/index.php?rest_route=\/wp\/v2\/types\/page"}],"author":[{"embeddable":true,"href":"https:\/\/plansowki.ksf.org.pl\/index.php?rest_route=\/wp\/v2\/users\/1"}],"replies":[{"embeddable":true,"href":"https:\/\/plansowki.ksf.org.pl\/index.php?rest_route=%2Fwp%2Fv2%2Fcomments&post=20"}],"version-history":[{"count":0,"href":"https:\/\/plansowki.ksf.org.pl\/index.php?rest_route=\/wp\/v2\/pages\/20\/revisions"}],"wp:attachment":[{"href":"https:\/\/plansowki.ksf.org.pl\/index.php?rest_route=%2Fwp%2Fv2%2Fmedia&parent=20"}],"curies":[{"name":"wp","href":"https:\/\/api.w.org\/{rel}","templated":true}]}}