{"id":192,"date":"2017-08-01T12:39:49","date_gmt":"2017-08-01T12:39:49","guid":{"rendered":"http:\/\/plansowki.ksf.org.pl\/?page_id=192"},"modified":"2017-08-01T12:39:49","modified_gmt":"2017-08-01T12:39:49","slug":"strona-glowna","status":"publish","type":"page","link":"https:\/\/plansowki.ksf.org.pl\/","title":{"rendered":"O PlanS\u00f3wkach"},"content":{"rendered":"<div class=\"entry-content\">\n<div class=\"entry-content\">\n<p><strong>Stowarzyszenie Krakowska Sie\u0107 Fantastyki<\/strong> we wsp\u00f3\u0142pracy ze sklepem <strong>Dragonus<\/strong> serdecznie zaprasza wszystkich wielbicieli gier planszowych na trzeci\u0105 edycj\u0119 Krakowskich Dni z Grami Planszowymi \u2013 <strong>\u201ePlanS\u00f3wki\u201d.<\/strong> Wydarzenie odb\u0119dzie si\u0119 w weekend 5-6 pa\u017adziernika 2019 w M\u0142odzie\u017cowym Domu Kultury przy ul. Grunwaldzkiej 5 oraz Siemacha Spocie przy ul. Mogilskiej 58. Konwent skierowany jest zar\u00f3wno do aktywnych graczy, jak i os\u00f3b, kt\u00f3re dopiero rozpoczynaj\u0105 swoj\u0105 przygod\u0119 z plansz\u00f3wkami. Szczeg\u00f3lnie serdecznie zapraszamy rodziny z dzie\u0107mi \u2013 cz\u0119\u015b\u0107 programu b\u0119dzie przygotowywana specjalnie dla Was, koszt uczestnictwa r\u00f3wnie\u017c mi\u0142o Was zaskoczy!<\/p>\n<p>Szeroki wyb\u00f3r tytu\u0142\u00f3w gwarantuje, \u017ce ka\u017cdy znajdzie co\u015b dla siebie, a dla bardziej zaanga\u017cowanych uczestnik\u00f3w organizatorzy szykuj\u0105 dodatkowe atrakcje. W programie m.in. turnieje, prezentacje nowych gier, warsztaty oraz gie\u0142da gier i akcesori\u00f3w. Wej\u015bci\u00f3wki w cenie 5 z\u0142 b\u0119dzie mo\u017cna naby\u0107 w MDK przez ca\u0142y czas trwania imprezy.<\/p>\n<p><strong>Organizator:<\/strong> Stowarzyszenie Krakowska Sie\u0107 Fantastyki<\/p>\n<div id=\"attachment_33\" class=\"wp-caption alignleft\"><a href=\"http:\/\/ksf.org.pl\"><img loading=\"lazy\" decoding=\"async\" class=\"aligncenter wp-image-33\" title=\"Stowarzyszenie Krakowska Sie\u0107 Fantastyki\" src=\"http:\/\/lajconik.ksf.org.pl\/wp-content\/uploads\/2014\/01\/ksf-big.jpg\" sizes=\"auto, (max-width: 300px) 100vw, 300px\" srcset=\"http:\/\/lajconik.ksf.org.pl\/wp-content\/uploads\/2014\/01\/ksf-big-300x353.jpg 300w, http:\/\/lajconik.ksf.org.pl\/wp-content\/uploads\/2014\/01\/ksf-big.jpg 706w\" alt=\"KSF\" width=\"150\" height=\"175\" \/><\/a><\/div>\n<div class=\"wp-caption aligncenter\"><strong>Partner<\/strong>: Dragonus &#8211; gry planszowe, sklep i wypo\u017cyczalnia<\/div>\n<p><a href=\"https:\/\/dragonus.pl\/\"><img decoding=\"async\" src=\"http:\/\/lajconik.ksf.org.pl\/wp-content\/uploads\/2014\/01\/dragonus_logo_300.jpg\" width=\"150\" \/><\/a><\/p>\n<\/div>\n<\/div>\n","protected":false},"excerpt":{"rendered":"<p>Stowarzyszenie Krakowska Sie\u0107 Fantastyki we wsp\u00f3\u0142pracy ze sklepem Dragonus serdecznie zaprasza wszystkich wielbicieli gier planszowych na trzeci\u0105 edycj\u0119 Krakowskich Dni z Grami Planszowymi \u2013 \u201ePlanS\u00f3wki\u201d. Wydarzenie odb\u0119dzie si\u0119 w weekend 5-6 pa\u017adziernika 2019 w M\u0142odzie\u017cowym Domu Kultury przy ul. Grunwaldzkiej 5 oraz Siemacha Spocie przy ul. Mogilskiej 58. Konwent skierowany jest zar\u00f3wno do aktywnych graczy, &hellip; <a href=\"https:\/\/plansowki.ksf.org.pl\/\" class=\"more-link\">Continue reading <span class=\"screen-reader-text\">O PlanS\u00f3wkach<\/span><\/a><\/p>\n","protected":false},"author":1,"featured_media":0,"parent":0,"menu_order":0,"comment_status":"closed","ping_status":"closed","template":"","meta":{"footnotes":""},"class_list":["post-192","page","type-page","status-publish","hentry","without-featured-image"],"_links":{"self":[{"href":"https:\/\/plansowki.ksf.org.pl\/index.php?rest_route=\/wp\/v2\/pages\/192","targetHints":{"allow":["GET"]}}],"collection":[{"href":"https:\/\/plansowki.ksf.org.pl\/index.php?rest_route=\/wp\/v2\/pages"}],"about":[{"href":"https:\/\/plansowki.ksf.org.pl\/index.php?rest_route=\/wp\/v2\/types\/page"}],"author":[{"embeddable":true,"href":"https:\/\/plansowki.ksf.org.pl\/index.php?rest_route=\/wp\/v2\/users\/1"}],"replies":[{"embeddable":true,"href":"https:\/\/plansowki.ksf.org.pl\/index.php?rest_route=%2Fwp%2Fv2%2Fcomments&post=192"}],"version-history":[{"count":0,"href":"https:\/\/plansowki.ksf.org.pl\/index.php?rest_route=\/wp\/v2\/pages\/192\/revisions"}],"wp:attachment":[{"href":"https:\/\/plansowki.ksf.org.pl\/index.php?rest_route=%2Fwp%2Fv2%2Fmedia&parent=192"}],"curies":[{"name":"wp","href":"https:\/\/api.w.org\/{rel}","templated":true}]}}